{"id":4921,"date":"2017-02-15T00:00:00","date_gmt":"2017-02-15T00:00:00","guid":{"rendered":"http:\/\/www.creativoepm.com\/producto\/graficas\/"},"modified":"2017-02-15T00:00:00","modified_gmt":"2017-02-15T00:00:00","slug":"graficas","status":"publish","type":"product","link":"https:\/\/creativoepm.com\/en\/producto\/graficas\/","title":{"rendered":"Gr\u00e1ficas"},"content":{"rendered":"<p>Nuestros dise\u00f1adores tiene la capacidad de ofrecer al cliente alternativas de dise\u00f1o que puedan ayudar con la imagen de productos y as\u00ed obtener un resultado eficiente en el trabajo total.<\/p>\n","protected":false},"excerpt":{"rendered":"<p>Nuestros dise\u00f1adores tiene la capacidad de ofrecer al cliente alternativas de dise\u00f1o que puedan ayudar con la imagen de productos y as\u00ed obtener un resultado eficiente en el trabajo total.<\/p>\n","protected":false},"featured_media":2676,"comment_status":"closed","ping_status":"open","template":"","meta":[],"product_cat":[505],"product_tag":[],"_links":{"self":[{"href":"https:\/\/creativoepm.com\/en\/wp-json\/wp\/v2\/product\/4921"}],"collection":[{"href":"https:\/\/creativoepm.com\/en\/wp-json\/wp\/v2\/product"}],"about":[{"href":"https:\/\/creativoepm.com\/en\/wp-json\/wp\/v2\/types\/product"}],"replies":[{"embeddable":true,"href":"https:\/\/creativoepm.com\/en\/wp-json\/wp\/v2\/comments?post=4921"}],"wp:featuredmedia":[{"embeddable":true,"href":"https:\/\/creativoepm.com\/en\/wp-json\/wp\/v2\/media\/2676"}],"wp:attachment":[{"href":"https:\/\/creativoepm.com\/en\/wp-json\/wp\/v2\/media?parent=4921"}],"wp:term":[{"taxonomy":"product_cat","embeddable":true,"href":"https:\/\/creativoepm.com\/en\/wp-json\/wp\/v2\/product_cat?post=4921"},{"taxonomy":"product_tag","embeddable":true,"href":"https:\/\/creativoepm.com\/en\/wp-json\/wp\/v2\/product_tag?post=4921"}],"curies":[{"name":"wp","href":"https:\/\/api.w.org\/{rel}","templated":true}]}}