{"id":5585,"date":"2018-05-21T18:03:27","date_gmt":"2018-05-21T18:03:27","guid":{"rendered":"https:\/\/creativoepm.com\/?page_id=5585"},"modified":"2020-10-11T17:11:16","modified_gmt":"2020-10-11T17:11:16","slug":"linea-textil-2","status":"publish","type":"page","link":"https:\/\/creativoepm.com\/en\/linea-textil-2\/","title":{"rendered":"Linea Textil"},"content":{"rendered":"<section class=\"wpb-content-wrapper\"><p>[vc_row][vc_column][vc_single_image image=&#8221;5576&#8243; img_size=&#8221;full&#8221;][\/vc_column][\/vc_row][vc_row][vc_column width=&#8221;1\/4&#8243;][vc_single_image image=&#8221;5581&#8243; img_size=&#8221;full&#8221;][vc_column_text]<\/p>\n<h2 style=\"text-align: center;\"><span style=\"color: #656564;\">CALIDAD<\/span><\/h2>\n<p>&nbsp;<\/p>\n<p>[\/vc_column_text][vc_column_text]<\/p>\n<p style=\"text-align: justify;\">Contamos con todos los est\u00e1ndares de calidad que el mercado requiere. Nuestra trayectoria nos califica como una empresa que mantiene una l\u00ednea textil de calidad y garant\u00eda en todos los materiales que utilizamos.<\/p>\n<p>[\/vc_column_text][\/vc_column][vc_column width=&#8221;1\/4&#8243;][vc_single_image image=&#8221;5582&#8243; img_size=&#8221;full&#8221;][vc_column_text]<\/p>\n<h2 style=\"text-align: center;\"><span style=\"color: #656564;\">PRECIO<\/span><\/h2>\n<p>&nbsp;<\/p>\n<p>[\/vc_column_text][vc_column_text]<\/p>\n<p style=\"text-align: justify;\">Al ser fabricantes directos nuestros precios son los m\u00e1s competitivos del mercado manteniendo la calidad que nos caracteriza. Nuestros precios var\u00edan seg\u00fan el volumen de productos que nuestro cliente necesite.<\/p>\n<p>[\/vc_column_text][\/vc_column][vc_column width=&#8221;1\/4&#8243;][vc_single_image image=&#8221;5583&#8243; img_size=&#8221;full&#8221;][vc_column_text]<\/p>\n<h2 style=\"text-align: center;\"><span style=\"color: #656564;\">DISE\u00d1O Y DESARROLLO<\/span><\/h2>\n<p>[\/vc_column_text][vc_column_text]<\/p>\n<p style=\"text-align: justify;\">Nuestros productos est\u00e1n preparados para el mercado m\u00e1s exigente y competitivo. Realizamos gran variedad de presentaciones y acabados. Nuestros principales clientes respaldan nuestro trabajo.<\/p>\n<p>[\/vc_column_text][\/vc_column][vc_column width=&#8221;1\/4&#8243;][vc_single_image image=&#8221;5584&#8243; img_size=&#8221;full&#8221;][vc_column_text]<\/p>\n<h2 style=\"text-align: center;\"><span style=\"color: #656564;\">PRODUCTOS ECO AMIGABLES<\/span><\/h2>\n<p>[\/vc_column_text][vc_column_text]<\/p>\n<p style=\"text-align: justify;\">Creemos en la responsabilidad ambiental. Es por ello que maximizamos el uso de nuestro material para evitar desechos innecesarios y los utilizamos para crear elementos que sirvan tanto para nuestros clientes como para nuestros colaboradores.<\/p>\n<p>[\/vc_column_text][\/vc_column][\/vc_row][vc_row][vc_column][vc_separator color=&#8221;juicy_pink&#8221; border_width=&#8221;3&#8243;][vc_column_text]<\/p>\n<h2 style=\"text-align: center;\"><span style=\"color: #656564;\">L\u00cdNEA DE PRODUCTOS<\/span><\/h2>\n<p>[\/vc_column_text][\/vc_column][\/vc_row][vc_row][vc_column width=&#8221;1\/4&#8243;][vc_column_text]<\/p>\n<h5 style=\"text-align: center;\"><span style=\"color: #656564;\"><strong>UNIFORMES DEPORTIVOS<\/strong><\/span><\/h5>\n<p>[\/vc_column_text][vc_gallery interval=&#8221;3&#8243; images=&#8221;5645,5646&#8243; img_size=&#8221;full&#8221;][vc_column_text]<\/p>\n<h5 style=\"text-align: center;\"><span style=\"color: #656564;\"><strong>CHOMPAS<\/strong><\/span><\/h5>\n<p>[\/vc_column_text][vc_gallery interval=&#8221;3&#8243; images=&#8221;5648,5649&#8243; img_size=&#8221;full&#8221;][vc_column_text]<\/p>\n<h5 style=\"text-align: center;\"><span style=\"color: #656564;\"><strong>TOALLAS Y S\u00c1BANAS<\/strong><\/span><\/h5>\n<p>[\/vc_column_text][vc_gallery interval=&#8221;3&#8243; images=&#8221;5662,5663&#8243; img_size=&#8221;full&#8221;][\/vc_column][vc_column width=&#8221;1\/4&#8243;][vc_column_text]<\/p>\n<h5 style=\"text-align: center;\"><span style=\"color: #656564;\"><strong>CAMISAS Y POLOS<\/strong><\/span><\/h5>\n<p>[\/vc_column_text][vc_gallery interval=&#8221;3&#8243; images=&#8221;5641,5642,5643&#8243; img_size=&#8221;full&#8221;][vc_column_text]<\/p>\n<h5 style=\"text-align: center;\"><span style=\"color: #656564;\"><strong>MERCHANDISING TEXTIL<\/strong><\/span><\/h5>\n<p>[\/vc_column_text][vc_gallery interval=&#8221;3&#8243; images=&#8221;5651,5652,5653&#8243; img_size=&#8221;full&#8221;][vc_column_text]<\/p>\n<h5 style=\"text-align: center;\"><span style=\"color: #656564;\"><strong>TELAS PARA EVENTOS<\/strong><\/span><\/h5>\n<p>[\/vc_column_text][vc_gallery interval=&#8221;3&#8243; images=&#8221;5665,5666&#8243; img_size=&#8221;full&#8221;][\/vc_column][vc_column width=&#8221;1\/4&#8243;][vc_column_text]<\/p>\n<h5 style=\"text-align: center;\"><span style=\"color: #656564;\"><strong>POLERAS<\/strong><\/span><\/h5>\n<p>[\/vc_column_text][vc_gallery interval=&#8221;3&#8243; images=&#8221;5638,5639&#8243; img_size=&#8221;full&#8221;][vc_column_text]<\/p>\n<h5 style=\"text-align: center;\"><span style=\"color: #656564;\"><strong>BOLSAS DE TELA<\/strong><\/span><\/h5>\n<p>[\/vc_column_text][vc_gallery interval=&#8221;3&#8243; images=&#8221;5656,5657&#8243; img_size=&#8221;full&#8221;][vc_column_text]<\/p>\n<h5 style=\"text-align: center;\"><span style=\"color: #656564;\"><strong>MADILES Y DELANTALES<\/strong><\/span><\/h5>\n<p>[\/vc_column_text][vc_gallery interval=&#8221;3&#8243; images=&#8221;5668,5669&#8243; img_size=&#8221;full&#8221;][\/vc_column][vc_column width=&#8221;1\/4&#8243;][vc_column_text]<\/p>\n<h5 style=\"text-align: center;\"><span style=\"color: #656564;\"><strong>CASACAS<\/strong><\/span><\/h5>\n<p>[\/vc_column_text][vc_gallery interval=&#8221;3&#8243; images=&#8221;5635,5636&#8243; img_size=&#8221;full&#8221;][vc_column_text]<\/p>\n<h5 style=\"text-align: center;\"><span style=\"color: #656564;\"><strong>UNIFORMES INDUSTRIALES<\/strong><\/span><\/h5>\n<p>[\/vc_column_text][vc_gallery interval=&#8221;3&#8243; images=&#8221;5659,5660&#8243; img_size=&#8221;full&#8221;][vc_column_text]<\/p>\n<h5 style=\"text-align: center;\"><span style=\"color: #656564;\"><strong>GORRAS<\/strong><\/span><\/h5>\n<p>[\/vc_column_text][vc_gallery interval=&#8221;3&#8243; images=&#8221;5672,5673&#8243; img_size=&#8221;full&#8221;][\/vc_column][\/vc_row][vc_row][vc_column][vc_single_image image=&#8221;5615&#8243; img_size=&#8221;full&#8221;][\/vc_column][\/vc_row]<\/p>\n<\/section>","protected":false},"excerpt":{"rendered":"<p>[vc_row][vc_column][vc_single_image image=&#8221;5576&#8243; img_size=&#8221;full&#8221;][\/vc_column][\/vc_row][vc_row][vc_column width=&#8221;1\/4&#8243;][vc_single_image image=&#8221;5581&#8243; img_size=&#8221;full&#8221;][vc_column_text] CALIDAD &nbsp; [\/vc_column_text][vc_column_text] Contamos con todos los est\u00e1ndares de calidad que el mercado requiere. Nuestra trayectoria nos califica como una empresa que mantiene una l\u00ednea textil de calidad y garant\u00eda en todos los materiales que utilizamos. [\/vc_column_text][\/vc_column][vc_column width=&#8221;1\/4&#8243;][vc_single_image image=&#8221;5582&#8243; img_size=&#8221;full&#8221;][vc_column_text] PRECIO &nbsp; [\/vc_column_text][vc_column_text] Al ser fabricantes directos nuestros precios &hellip; <a href=\"https:\/\/creativoepm.com\/en\/linea-textil-2\/\" class=\"more-link\">Continue reading <span class=\"screen-reader-text\">Linea Textil<\/span> <span class=\"meta-nav\">&rarr;<\/span><\/a><\/p>\n","protected":false},"author":1,"featured_media":0,"parent":0,"menu_order":0,"comment_status":"closed","ping_status":"closed","template":"","meta":{"footnotes":""},"_links":{"self":[{"href":"https:\/\/creativoepm.com\/en\/wp-json\/wp\/v2\/pages\/5585"}],"collection":[{"href":"https:\/\/creativoepm.com\/en\/wp-json\/wp\/v2\/pages"}],"about":[{"href":"https:\/\/creativoepm.com\/en\/wp-json\/wp\/v2\/types\/page"}],"author":[{"embeddable":true,"href":"https:\/\/creativoepm.com\/en\/wp-json\/wp\/v2\/users\/1"}],"replies":[{"embeddable":true,"href":"https:\/\/creativoepm.com\/en\/wp-json\/wp\/v2\/comments?post=5585"}],"version-history":[{"count":0,"href":"https:\/\/creativoepm.com\/en\/wp-json\/wp\/v2\/pages\/5585\/revisions"}],"wp:attachment":[{"href":"https:\/\/creativoepm.com\/en\/wp-json\/wp\/v2\/media?parent=5585"}],"curies":[{"name":"wp","href":"https:\/\/api.w.org\/{rel}","templated":true}]}}